{"id":23145,"date":"2022-11-03T13:33:47","date_gmt":"2022-11-03T13:33:47","guid":{"rendered":"https:\/\/samfagroup.com\/index.php\/gayrimenkul-degerleme\/"},"modified":"2024-12-18T03:48:24","modified_gmt":"2024-12-18T03:48:24","slug":"gayrimenkul-degerleme","status":"publish","type":"page","link":"https:\/\/samfagroup.com\/tr\/index.php\/gayrimenkul-degerleme\/","title":{"rendered":"De\u011ferleme"},"content":{"rendered":"\t\t<div data-elementor-type=\"wp-page\" data-elementor-id=\"23145\" class=\"elementor elementor-23145 elementor-21455\">\n\t\t\t\t\t\t<section class=\"elementor-section elementor-top-section elementor-element elementor-element-40a3636 animated-slow elementor-section-content-middle elementor-section-boxed elementor-section-height-default elementor-section-height-default elementor-invisible\" data-id=\"40a3636\" data-element_type=\"section\" data-settings=\"{&quot;background_background&quot;:&quot;classic&quot;,&quot;animation&quot;:&quot;fadeIn&quot;}\">\n\t\t\t\t\t\t\t<div class=\"elementor-background-overlay\"><\/div>\n\t\t\t\t\t\t\t<div class=\"elementor-container elementor-column-gap-no\">\n\t\t\t\t\t<div class=\"elementor-column elementor-col-100 elementor-top-column elementor-element elementor-element-17500d6\" data-id=\"17500d6\" data-element_type=\"column\">\n\t\t\t<div class=\"elementor-widget-wrap elementor-element-populated\">\n\t\t\t\t\t\t<div class=\"elementor-element elementor-element-1c4cc93 elementor-invisible elementor-widget elementor-widget-heading\" data-id=\"1c4cc93\" data-element_type=\"widget\" data-settings=\"{&quot;_animation&quot;:&quot;fadeIn&quot;,&quot;_animation_delay&quot;:50}\" data-widget_type=\"heading.default\">\n\t\t\t\t<div class=\"elementor-widget-container\">\n\t\t\t\t\t<h1 class=\"elementor-heading-title elementor-size-default\">GAYRI\u0307MENKUL DE\u011eERLEME<\/h1>\t\t\t\t<\/div>\n\t\t\t\t<\/div>\n\t\t\t\t\t<\/div>\n\t\t<\/div>\n\t\t\t\t\t<\/div>\n\t\t<\/section>\n\t\t\t\t<section class=\"elementor-section elementor-top-section elementor-element elementor-element-185db283 elementor-section-boxed elementor-section-height-default elementor-section-height-default\" data-id=\"185db283\" data-element_type=\"section\" data-settings=\"{&quot;background_background&quot;:&quot;classic&quot;}\">\n\t\t\t\t\t\t<div class=\"elementor-container elementor-column-gap-default\">\n\t\t\t\t\t<div class=\"elementor-column elementor-col-100 elementor-top-column elementor-element elementor-element-62ca5b02\" data-id=\"62ca5b02\" data-element_type=\"column\">\n\t\t\t<div class=\"elementor-widget-wrap elementor-element-populated\">\n\t\t\t\t\t\t<section class=\"elementor-section elementor-inner-section elementor-element elementor-element-3f4b525 elementor-section-boxed elementor-section-height-default elementor-section-height-default\" data-id=\"3f4b525\" data-element_type=\"section\">\n\t\t\t\t\t\t<div class=\"elementor-container elementor-column-gap-default\">\n\t\t\t\t\t<div class=\"elementor-column elementor-col-100 elementor-inner-column elementor-element elementor-element-d1d930a\" data-id=\"d1d930a\" data-element_type=\"column\">\n\t\t\t<div class=\"elementor-widget-wrap elementor-element-populated\">\n\t\t\t\t\t\t<div class=\"elementor-element elementor-element-3097b57 elementor-invisible elementor-widget elementor-widget-heading\" data-id=\"3097b57\" data-element_type=\"widget\" data-settings=\"{&quot;_animation&quot;:&quot;fadeIn&quot;,&quot;_animation_delay&quot;:50}\" data-widget_type=\"heading.default\">\n\t\t\t\t<div class=\"elementor-widget-container\">\n\t\t\t\t\t<h1 class=\"elementor-heading-title elementor-size-default\">Nedir ve nas\u0131l \u00e7al\u0131\u015f\u0131r?<\/h1>\t\t\t\t<\/div>\n\t\t\t\t<\/div>\n\t\t\t\t\t<\/div>\n\t\t<\/div>\n\t\t\t\t\t<\/div>\n\t\t<\/section>\n\t\t\t\t<section class=\"elementor-section elementor-inner-section elementor-element elementor-element-a9adb27 elementor-section-boxed elementor-section-height-default elementor-section-height-default\" data-id=\"a9adb27\" data-element_type=\"section\">\n\t\t\t\t\t\t<div class=\"elementor-container elementor-column-gap-default\">\n\t\t\t\t\t<div class=\"elementor-column elementor-col-100 elementor-inner-column elementor-element elementor-element-d8e752d\" data-id=\"d8e752d\" data-element_type=\"column\">\n\t\t\t<div class=\"elementor-widget-wrap elementor-element-populated\">\n\t\t\t\t\t\t<div class=\"elementor-element elementor-element-bdfd379 elementor-invisible elementor-widget elementor-widget-heading\" data-id=\"bdfd379\" data-element_type=\"widget\" data-settings=\"{&quot;_animation&quot;:&quot;fadeIn&quot;,&quot;_animation_delay&quot;:50}\" data-widget_type=\"heading.default\">\n\t\t\t\t<div class=\"elementor-widget-container\">\n\t\t\t\t\t<h2 class=\"elementor-heading-title elementor-size-default\">Gayrimenkul de\u011ferlemesi, bir gayrimenkul yat\u0131r\u0131m\u0131n\u0131n ekonomik de\u011ferini belirleyen bir s\u00fcre\u00e7tir. Gayrimenkul yat\u0131r\u0131m\u0131 tipik olarak k\u0131sa vadeli bir ticaret olmad\u0131\u011f\u0131ndan, nakit ak\u0131\u015f\u0131n\u0131 ve m\u00fcteakip getiri oran\u0131n\u0131 analiz etmek, karl\u0131 yat\u0131r\u0131mlar yapmak ve hem uzun hem de k\u0131sa vadede \u015fehir al\u0131nt\u0131 ve piyasa ak\u0131\u015f\u0131n\u0131 g\u00f6zlemlemek i\u00e7in kritik \u00f6neme sahiptir.<\/h2>\t\t\t\t<\/div>\n\t\t\t\t<\/div>\n\t\t\t\t\t<\/div>\n\t\t<\/div>\n\t\t\t\t\t<\/div>\n\t\t<\/section>\n\t\t\t\t\t<\/div>\n\t\t<\/div>\n\t\t\t\t\t<\/div>\n\t\t<\/section>\n\t\t\t\t<section class=\"elementor-section elementor-top-section elementor-element elementor-element-82a5765 elementor-section-full_width elementor-section-content-middle elementor-section-height-default elementor-section-height-default\" data-id=\"82a5765\" data-element_type=\"section\" data-settings=\"{&quot;background_background&quot;:&quot;classic&quot;}\">\n\t\t\t\t\t\t<div class=\"elementor-container elementor-column-gap-no\">\n\t\t\t\t\t<div class=\"elementor-column elementor-col-100 elementor-top-column elementor-element elementor-element-db763ee\" data-id=\"db763ee\" data-element_type=\"column\" data-settings=\"{&quot;background_background&quot;:&quot;classic&quot;}\">\n\t\t\t<div class=\"elementor-widget-wrap elementor-element-populated\">\n\t\t\t\t\t\t<div class=\"elementor-element elementor-element-f5ace95 elementor-widget elementor-widget-spacer\" data-id=\"f5ace95\" data-element_type=\"widget\" data-widget_type=\"spacer.default\">\n\t\t\t\t<div class=\"elementor-widget-container\">\n\t\t\t\t\t\t\t<div class=\"elementor-spacer\">\n\t\t\t<div class=\"elementor-spacer-inner\"><\/div>\n\t\t<\/div>\n\t\t\t\t\t\t<\/div>\n\t\t\t\t<\/div>\n\t\t\t\t<section class=\"elementor-section elementor-inner-section elementor-element elementor-element-f6958bb elementor-section-content-middle elementor-section-boxed elementor-section-height-default elementor-section-height-default\" data-id=\"f6958bb\" data-element_type=\"section\">\n\t\t\t\t\t\t<div class=\"elementor-container elementor-column-gap-default\">\n\t\t\t\t\t<div class=\"elementor-column elementor-col-100 elementor-inner-column elementor-element elementor-element-72d0a3a\" data-id=\"72d0a3a\" data-element_type=\"column\">\n\t\t\t<div class=\"elementor-widget-wrap elementor-element-populated\">\n\t\t\t\t\t\t<section class=\"elementor-section elementor-inner-section elementor-element elementor-element-9c65987 elementor-section-boxed elementor-section-height-default elementor-section-height-default\" data-id=\"9c65987\" data-element_type=\"section\">\n\t\t\t\t\t\t<div class=\"elementor-container elementor-column-gap-default\">\n\t\t\t\t\t<div class=\"elementor-column elementor-col-100 elementor-inner-column elementor-element elementor-element-890bcec\" data-id=\"890bcec\" data-element_type=\"column\">\n\t\t\t<div class=\"elementor-widget-wrap elementor-element-populated\">\n\t\t\t\t\t\t<div class=\"elementor-element elementor-element-5e2fec2 elementor-invisible elementor-widget elementor-widget-heading\" data-id=\"5e2fec2\" data-element_type=\"widget\" data-settings=\"{&quot;_animation&quot;:&quot;fadeIn&quot;,&quot;_animation_delay&quot;:50}\" data-widget_type=\"heading.default\">\n\t\t\t\t<div class=\"elementor-widget-container\">\n\t\t\t\t\t<h2 class=\"elementor-heading-title elementor-size-default\">An\u0131nda De\u011ferleme<\/h2>\t\t\t\t<\/div>\n\t\t\t\t<\/div>\n\t\t\t\t<div class=\"elementor-element elementor-element-7b9a29c elementor-invisible elementor-widget elementor-widget-text-editor\" data-id=\"7b9a29c\" data-element_type=\"widget\" data-settings=\"{&quot;_animation&quot;:&quot;fadeIn&quot;,&quot;_animation_delay&quot;:50}\" data-widget_type=\"text-editor.default\">\n\t\t\t\t<div class=\"elementor-widget-container\">\n\t\t\t\t\t\t\t\t\t<p>Anl\u0131k de\u011ferlendirme \u00e7al\u0131\u015fmas\u0131, yer, alan, durum, korelasyonlar\u0131m\u0131z ve ki\u015fisel deneyimlerimize dayanarak k\u0131sa bir s\u00fcre i\u00e7inde yap\u0131lan bir \u00e7al\u0131\u015fmad\u0131r.<\/p>\n\t\t\t\t\t\t\t\t<\/div>\n\t\t\t\t<\/div>\n\t\t\t\t\t<\/div>\n\t\t<\/div>\n\t\t\t\t\t<\/div>\n\t\t<\/section>\n\t\t\t\t<section class=\"elementor-section elementor-inner-section elementor-element elementor-element-fcdd4b0 elementor-section-boxed elementor-section-height-default elementor-section-height-default\" data-id=\"fcdd4b0\" data-element_type=\"section\">\n\t\t\t\t\t\t<div class=\"elementor-container elementor-column-gap-default\">\n\t\t\t\t\t<div class=\"elementor-column elementor-col-100 elementor-inner-column elementor-element elementor-element-7785968\" data-id=\"7785968\" data-element_type=\"column\">\n\t\t\t<div class=\"elementor-widget-wrap elementor-element-populated\">\n\t\t\t\t\t\t<div class=\"elementor-element elementor-element-0b613d0 elementor-invisible elementor-widget elementor-widget-heading\" data-id=\"0b613d0\" data-element_type=\"widget\" data-settings=\"{&quot;_animation&quot;:&quot;fadeIn&quot;,&quot;_animation_delay&quot;:50}\" data-widget_type=\"heading.default\">\n\t\t\t\t<div class=\"elementor-widget-container\">\n\t\t\t\t\t<h2 class=\"elementor-heading-title elementor-size-default\">S\u00fcre\u00e7:<\/h2>\t\t\t\t<\/div>\n\t\t\t\t<\/div>\n\t\t\t\t<div class=\"elementor-element elementor-element-aa4d1ba elementor-invisible elementor-widget elementor-widget-text-editor\" data-id=\"aa4d1ba\" data-element_type=\"widget\" data-settings=\"{&quot;_animation&quot;:&quot;fadeIn&quot;,&quot;_animation_delay&quot;:50}\" data-widget_type=\"text-editor.default\">\n\t\t\t\t<div class=\"elementor-widget-container\">\n\t\t\t\t\t\t\t\t\t<p>M\u00fc\u015fteriden al\u0131nan talep<br \/>&#8211; \u0130lgili b\u00f6lgeden sorumlu kendi ekibimiz de\u011ferleme raporu \u00fczerinde \u00e7al\u0131\u015facakt\u0131r <br \/>&#8211; \u00b1<strong> %7<\/strong> fiyat aral\u0131\u011f\u0131<\/p>\n\t\t\t\t\t\t\t\t<\/div>\n\t\t\t\t<\/div>\n\t\t\t\t<div class=\"elementor-element elementor-element-9577008 elementor-align-center popmake-21884 elementor-invisible elementor-widget elementor-widget-button\" data-id=\"9577008\" data-element_type=\"widget\" data-settings=\"{&quot;_animation&quot;:&quot;fadeIn&quot;}\" data-widget_type=\"button.default\">\n\t\t\t\t<div class=\"elementor-widget-container\">\n\t\t\t\t\t\t\t\t\t<div class=\"elementor-button-wrapper\">\n\t\t\t\t\t<a class=\"elementor-button elementor-button-link elementor-size-lg elementor-animation-grow\" href=\"#\">\n\t\t\t\t\t\t<span class=\"elementor-button-content-wrapper\">\n\t\t\t\t\t\t\t\t\t<span class=\"elementor-button-text\">24 Saat \u0130\u00e7inde \u00dccretsiz An\u0131nda De\u011ferleme Al\u0131n<\/span>\n\t\t\t\t\t<\/span>\n\t\t\t\t\t<\/a>\n\t\t\t\t<\/div>\n\t\t\t\t\t\t\t\t<\/div>\n\t\t\t\t<\/div>\n\t\t\t\t\t<\/div>\n\t\t<\/div>\n\t\t\t\t\t<\/div>\n\t\t<\/section>\n\t\t\t\t\t<\/div>\n\t\t<\/div>\n\t\t\t\t\t<\/div>\n\t\t<\/section>\n\t\t\t\t\t<\/div>\n\t\t<\/div>\n\t\t\t\t\t<\/div>\n\t\t<\/section>\n\t\t\t\t<section class=\"elementor-section elementor-top-section elementor-element elementor-element-31d0045 elementor-section-full_width elementor-section-content-middle elementor-section-height-default elementor-section-height-default\" data-id=\"31d0045\" data-element_type=\"section\" data-settings=\"{&quot;background_background&quot;:&quot;classic&quot;}\">\n\t\t\t\t\t\t<div class=\"elementor-container elementor-column-gap-no\">\n\t\t\t\t\t<div class=\"elementor-column elementor-col-100 elementor-top-column elementor-element elementor-element-c6577d7\" data-id=\"c6577d7\" data-element_type=\"column\" data-settings=\"{&quot;background_background&quot;:&quot;classic&quot;}\">\n\t\t\t<div class=\"elementor-widget-wrap elementor-element-populated\">\n\t\t\t\t\t\t<div class=\"elementor-element elementor-element-5983e55 elementor-widget elementor-widget-spacer\" data-id=\"5983e55\" data-element_type=\"widget\" data-widget_type=\"spacer.default\">\n\t\t\t\t<div class=\"elementor-widget-container\">\n\t\t\t\t\t\t\t<div class=\"elementor-spacer\">\n\t\t\t<div class=\"elementor-spacer-inner\"><\/div>\n\t\t<\/div>\n\t\t\t\t\t\t<\/div>\n\t\t\t\t<\/div>\n\t\t\t\t<section class=\"elementor-section elementor-inner-section elementor-element elementor-element-8059043 elementor-section-content-middle elementor-section-boxed elementor-section-height-default elementor-section-height-default\" data-id=\"8059043\" data-element_type=\"section\">\n\t\t\t\t\t\t<div class=\"elementor-container elementor-column-gap-default\">\n\t\t\t\t\t<div class=\"elementor-column elementor-col-100 elementor-inner-column elementor-element elementor-element-86fecef\" data-id=\"86fecef\" data-element_type=\"column\">\n\t\t\t<div class=\"elementor-widget-wrap elementor-element-populated\">\n\t\t\t\t\t\t<section class=\"elementor-section elementor-inner-section elementor-element elementor-element-02faf35 elementor-section-boxed elementor-section-height-default elementor-section-height-default\" data-id=\"02faf35\" data-element_type=\"section\">\n\t\t\t\t\t\t<div class=\"elementor-container elementor-column-gap-default\">\n\t\t\t\t\t<div class=\"elementor-column elementor-col-100 elementor-inner-column elementor-element elementor-element-6e0021d\" data-id=\"6e0021d\" data-element_type=\"column\">\n\t\t\t<div class=\"elementor-widget-wrap elementor-element-populated\">\n\t\t\t\t\t\t<div class=\"elementor-element elementor-element-52cc8c7 elementor-invisible elementor-widget elementor-widget-heading\" data-id=\"52cc8c7\" data-element_type=\"widget\" data-settings=\"{&quot;_animation&quot;:&quot;fadeIn&quot;,&quot;_animation_delay&quot;:50}\" data-widget_type=\"heading.default\">\n\t\t\t\t<div class=\"elementor-widget-container\">\n\t\t\t\t\t<h2 class=\"elementor-heading-title elementor-size-default\">Geni\u015fletilmi\u015f De\u011ferleme<\/h2>\t\t\t\t<\/div>\n\t\t\t\t<\/div>\n\t\t\t\t<div class=\"elementor-element elementor-element-3586a21 elementor-invisible elementor-widget elementor-widget-text-editor\" data-id=\"3586a21\" data-element_type=\"widget\" data-settings=\"{&quot;_animation&quot;:&quot;fadeIn&quot;,&quot;_animation_delay&quot;:50}\" data-widget_type=\"text-editor.default\">\n\t\t\t\t<div class=\"elementor-widget-container\">\n\t\t\t\t\t\t\t\t\t<p>Anl\u0131k de\u011ferlemenin operasyonel faydalar\u0131n\u0131n aksine, geni\u015fletilmi\u015f de\u011ferleme, yat\u0131r\u0131mlar\u0131n derinlemesine bir uzman de\u011ferlendirmesi elde etmeyi ama\u00e7lamaktad\u0131r. Bu anlamda, geni\u015fletilmi\u015f de\u011ferleme, anl\u0131k de\u011ferlemenin yat\u0131r\u0131m sonras\u0131 d\u00f6nemdeki izleme rol\u00fcnden farkl\u0131 olarak yat\u0131r\u0131m \u00f6ncesi eylemdir.<\/p>\n\t\t\t\t\t\t\t\t<\/div>\n\t\t\t\t<\/div>\n\t\t\t\t\t<\/div>\n\t\t<\/div>\n\t\t\t\t\t<\/div>\n\t\t<\/section>\n\t\t\t\t<section class=\"elementor-section elementor-inner-section elementor-element elementor-element-d9f6817 elementor-section-boxed elementor-section-height-default elementor-section-height-default\" data-id=\"d9f6817\" data-element_type=\"section\">\n\t\t\t\t\t\t<div class=\"elementor-container elementor-column-gap-default\">\n\t\t\t\t\t<div class=\"elementor-column elementor-col-100 elementor-inner-column elementor-element elementor-element-c5c1905\" data-id=\"c5c1905\" data-element_type=\"column\">\n\t\t\t<div class=\"elementor-widget-wrap elementor-element-populated\">\n\t\t\t\t\t\t<div class=\"elementor-element elementor-element-c342b5b elementor-invisible elementor-widget elementor-widget-heading\" data-id=\"c342b5b\" data-element_type=\"widget\" data-settings=\"{&quot;_animation&quot;:&quot;fadeIn&quot;,&quot;_animation_delay&quot;:50}\" data-widget_type=\"heading.default\">\n\t\t\t\t<div class=\"elementor-widget-container\">\n\t\t\t\t\t<h2 class=\"elementor-heading-title elementor-size-default\">S\u00fcre\u00e7:<\/h2>\t\t\t\t<\/div>\n\t\t\t\t<\/div>\n\t\t\t\t<div class=\"elementor-element elementor-element-4e04789 elementor-invisible elementor-widget elementor-widget-text-editor\" data-id=\"4e04789\" data-element_type=\"widget\" data-settings=\"{&quot;_animation&quot;:&quot;fadeIn&quot;,&quot;_animation_delay&quot;:50}\" data-widget_type=\"text-editor.default\">\n\t\t\t\t<div class=\"elementor-widget-container\">\n\t\t\t\t\t\t\t\t\t<p>&#8211; M\u00fc\u015fteriden al\u0131nan talep<br \/>&#8211; Gerekli t\u00fcm b\u00f6l\u00fcmlerin tamamlanmas\u0131 i\u00e7in SAMFA PERSONEL\u0130 taraf\u0131ndan ilk inceleme tamamlanacakt\u0131r <br \/>&#8211; Ba\u011f\u0131ms\u0131z de\u011ferleme raporu d\u00fczenleyici onayl\u0131 \u015firket taraf\u0131ndan haz\u0131rlan\u0131r <br \/>&#8211; Tam kapsaml\u0131 de\u011ferleme raporu elde edildikten sonra \u00f6zet rapor SAMFA taraf\u0131ndan haz\u0131rlanacak ve m\u00fc\u015fterilere sunulacakt\u0131r <br \/>&#8211; Fiyat Aral\u0131\u011f\u0131<strong> \u00b1% 3<\/strong><\/p>\n\t\t\t\t\t\t\t\t<\/div>\n\t\t\t\t<\/div>\n\t\t\t\t<div class=\"elementor-element elementor-element-adf1ff1 elementor-align-center popmake-21892 elementor-invisible elementor-widget elementor-widget-button\" data-id=\"adf1ff1\" data-element_type=\"widget\" data-settings=\"{&quot;_animation&quot;:&quot;fadeIn&quot;}\" data-widget_type=\"button.default\">\n\t\t\t\t<div class=\"elementor-widget-container\">\n\t\t\t\t\t\t\t\t\t<div class=\"elementor-button-wrapper\">\n\t\t\t\t\t<a class=\"elementor-button elementor-button-link elementor-size-lg elementor-animation-grow\" href=\"#\">\n\t\t\t\t\t\t<span class=\"elementor-button-content-wrapper\">\n\t\t\t\t\t\t\t\t\t<span class=\"elementor-button-text\">Geni\u015fletilmi\u015f De\u011ferleme i\u00e7in Teklif Al\u0131n<\/span>\n\t\t\t\t\t<\/span>\n\t\t\t\t\t<\/a>\n\t\t\t\t<\/div>\n\t\t\t\t\t\t\t\t<\/div>\n\t\t\t\t<\/div>\n\t\t\t\t\t<\/div>\n\t\t<\/div>\n\t\t\t\t\t<\/div>\n\t\t<\/section>\n\t\t\t\t\t<\/div>\n\t\t<\/div>\n\t\t\t\t\t<\/div>\n\t\t<\/section>\n\t\t\t\t\t<\/div>\n\t\t<\/div>\n\t\t\t\t\t<\/div>\n\t\t<\/section>\n\t\t\t\t<\/div>\n\t\t","protected":false},"excerpt":{"rendered":"<p>GAYRI\u0307MENKUL DE\u011eERLEME Nedir ve nas\u0131l \u00e7al\u0131\u015f\u0131r? Gayrimenkul de\u011ferlemesi, bir gayrimenkul yat\u0131r\u0131m\u0131n\u0131n ekonomik de\u011ferini belirleyen bir s\u00fcre\u00e7tir. Gayrimenkul yat\u0131r\u0131m\u0131 tipik olarak k\u0131sa vadeli bir ticaret olmad\u0131\u011f\u0131ndan, nakit ak\u0131\u015f\u0131n\u0131 ve m\u00fcteakip getiri oran\u0131n\u0131 analiz etmek, karl\u0131 yat\u0131r\u0131mlar yapmak ve hem uzun hem de k\u0131sa vadede \u015fehir al\u0131nt\u0131 ve piyasa ak\u0131\u015f\u0131n\u0131 g\u00f6zlemlemek i\u00e7in kritik \u00f6neme sahiptir. An\u0131nda De\u011ferleme Anl\u0131k de\u011ferlendirme \u00e7al\u0131\u015fmas\u0131, yer, alan, durum, korelasyonlar\u0131m\u0131z ve ki\u015fisel &#8230;<\/p>\n","protected":false},"author":1,"featured_media":0,"parent":0,"menu_order":0,"comment_status":"closed","ping_status":"closed","template":"elementor_header_footer","meta":{"footnotes":""},"class_list":["post-23145","page","type-page","status-publish","hentry"],"aioseo_notices":[],"_links":{"self":[{"href":"https:\/\/samfagroup.com\/tr\/index.php\/wp-json\/wp\/v2\/pages\/23145","targetHints":{"allow":["GET"]}}],"collection":[{"href":"https:\/\/samfagroup.com\/tr\/index.php\/wp-json\/wp\/v2\/pages"}],"about":[{"href":"https:\/\/samfagroup.com\/tr\/index.php\/wp-json\/wp\/v2\/types\/page"}],"author":[{"embeddable":true,"href":"https:\/\/samfagroup.com\/tr\/index.php\/wp-json\/wp\/v2\/users\/1"}],"replies":[{"embeddable":true,"href":"https:\/\/samfagroup.com\/tr\/index.php\/wp-json\/wp\/v2\/comments?post=23145"}],"version-history":[{"count":4,"href":"https:\/\/samfagroup.com\/tr\/index.php\/wp-json\/wp\/v2\/pages\/23145\/revisions"}],"predecessor-version":[{"id":23201,"href":"https:\/\/samfagroup.com\/tr\/index.php\/wp-json\/wp\/v2\/pages\/23145\/revisions\/23201"}],"wp:attachment":[{"href":"https:\/\/samfagroup.com\/tr\/index.php\/wp-json\/wp\/v2\/media?parent=23145"}],"curies":[{"name":"wp","href":"https:\/\/api.w.org\/{rel}","templated":true}]}}