{"id":23148,"date":"2022-11-03T13:55:40","date_gmt":"2022-11-03T13:55:40","guid":{"rendered":"https:\/\/samfagroup.com\/index.php\/danismanlik\/"},"modified":"2024-12-18T03:32:47","modified_gmt":"2024-12-18T03:32:47","slug":"danismanlik","status":"publish","type":"page","link":"https:\/\/samfagroup.com\/tr\/index.php\/danismanlik\/","title":{"rendered":"Dan\u0131\u015fmanl\u0131k"},"content":{"rendered":"\t\t<div data-elementor-type=\"wp-page\" data-elementor-id=\"23148\" class=\"elementor elementor-23148 elementor-21476\">\n\t\t\t\t\t\t<section class=\"elementor-section elementor-top-section elementor-element elementor-element-40a3636 animated-slow elementor-section-content-middle elementor-section-boxed elementor-section-height-default elementor-section-height-default elementor-invisible\" data-id=\"40a3636\" data-element_type=\"section\" data-settings=\"{&quot;background_background&quot;:&quot;classic&quot;,&quot;animation&quot;:&quot;fadeIn&quot;}\">\n\t\t\t\t\t\t\t<div class=\"elementor-background-overlay\"><\/div>\n\t\t\t\t\t\t\t<div class=\"elementor-container elementor-column-gap-no\">\n\t\t\t\t\t<div class=\"elementor-column elementor-col-100 elementor-top-column elementor-element elementor-element-127f7ed3\" data-id=\"127f7ed3\" data-element_type=\"column\" data-settings=\"{&quot;background_background&quot;:&quot;classic&quot;}\">\n\t\t\t<div class=\"elementor-widget-wrap elementor-element-populated\">\n\t\t\t\t\t\t<div class=\"elementor-element elementor-element-745ad10c elementor-widget elementor-widget-heading\" data-id=\"745ad10c\" data-element_type=\"widget\" data-widget_type=\"heading.default\">\n\t\t\t\t<div class=\"elementor-widget-container\">\n\t\t\t\t\t<h2 class=\"elementor-heading-title elementor-size-default\">Dan\u0131\u015fmanl\u0131k ve Proje Geli\u015ftirme<\/h2>\t\t\t\t<\/div>\n\t\t\t\t<\/div>\n\t\t\t\t\t<\/div>\n\t\t<\/div>\n\t\t\t\t\t<\/div>\n\t\t<\/section>\n\t\t\t\t<section class=\"elementor-section elementor-top-section elementor-element elementor-element-1672dad elementor-section-boxed elementor-section-height-default elementor-section-height-default\" data-id=\"1672dad\" data-element_type=\"section\" data-settings=\"{&quot;background_background&quot;:&quot;classic&quot;}\">\n\t\t\t\t\t\t<div class=\"elementor-container elementor-column-gap-default\">\n\t\t\t\t\t<div class=\"elementor-column elementor-col-100 elementor-top-column elementor-element elementor-element-89060f7\" data-id=\"89060f7\" data-element_type=\"column\">\n\t\t\t<div class=\"elementor-widget-wrap elementor-element-populated\">\n\t\t\t\t\t\t<section class=\"elementor-section elementor-inner-section elementor-element elementor-element-6ccf1fe elementor-section-boxed elementor-section-height-default elementor-section-height-default\" data-id=\"6ccf1fe\" data-element_type=\"section\">\n\t\t\t\t\t\t<div class=\"elementor-container elementor-column-gap-default\">\n\t\t\t\t\t<div class=\"elementor-column elementor-col-33 elementor-inner-column elementor-element elementor-element-9bc704f\" data-id=\"9bc704f\" data-element_type=\"column\">\n\t\t\t<div class=\"elementor-widget-wrap\">\n\t\t\t\t\t\t\t<\/div>\n\t\t<\/div>\n\t\t\t\t<div class=\"elementor-column elementor-col-33 elementor-inner-column elementor-element elementor-element-70808d0\" data-id=\"70808d0\" data-element_type=\"column\">\n\t\t\t<div class=\"elementor-widget-wrap elementor-element-populated\">\n\t\t\t\t\t\t<div class=\"elementor-element elementor-element-1246b5f elementor-widget elementor-widget-heading\" data-id=\"1246b5f\" data-element_type=\"widget\" data-widget_type=\"heading.default\">\n\t\t\t\t<div class=\"elementor-widget-container\">\n\t\t\t\t\t<h2 class=\"elementor-heading-title elementor-size-default\">Dan\u0131\u015fmanl\u0131k<\/h2>\t\t\t\t<\/div>\n\t\t\t\t<\/div>\n\t\t\t\t\t<\/div>\n\t\t<\/div>\n\t\t\t\t<div class=\"elementor-column elementor-col-33 elementor-inner-column elementor-element elementor-element-ec971ab\" data-id=\"ec971ab\" data-element_type=\"column\">\n\t\t\t<div class=\"elementor-widget-wrap\">\n\t\t\t\t\t\t\t<\/div>\n\t\t<\/div>\n\t\t\t\t\t<\/div>\n\t\t<\/section>\n\t\t\t\t<div class=\"elementor-element elementor-element-ef5e254 elementor-widget elementor-widget-spacer\" data-id=\"ef5e254\" data-element_type=\"widget\" data-widget_type=\"spacer.default\">\n\t\t\t\t<div class=\"elementor-widget-container\">\n\t\t\t\t\t\t\t<div class=\"elementor-spacer\">\n\t\t\t<div class=\"elementor-spacer-inner\"><\/div>\n\t\t<\/div>\n\t\t\t\t\t\t<\/div>\n\t\t\t\t<\/div>\n\t\t\t\t<section class=\"elementor-section elementor-inner-section elementor-element elementor-element-114b4be elementor-section-boxed elementor-section-height-default elementor-section-height-default\" data-id=\"114b4be\" data-element_type=\"section\">\n\t\t\t\t\t\t<div class=\"elementor-container elementor-column-gap-default\">\n\t\t\t\t\t<div class=\"elementor-column elementor-col-50 elementor-inner-column elementor-element elementor-element-2fe0ac6\" data-id=\"2fe0ac6\" data-element_type=\"column\">\n\t\t\t<div class=\"elementor-widget-wrap elementor-element-populated\">\n\t\t\t\t\t\t<div class=\"elementor-element elementor-element-6ef22ca elementor-invisible elementor-widget elementor-widget-toggle\" data-id=\"6ef22ca\" data-element_type=\"widget\" data-settings=\"{&quot;_animation&quot;:&quot;fadeIn&quot;,&quot;_animation_delay&quot;:200}\" data-widget_type=\"toggle.default\">\n\t\t\t\t<div class=\"elementor-widget-container\">\n\t\t\t\t\t\t\t<div class=\"elementor-toggle\">\n\t\t\t\t\t\t\t<div class=\"elementor-toggle-item\">\n\t\t\t\t\t<div id=\"elementor-tab-title-1161\" class=\"elementor-tab-title\" data-tab=\"1\" role=\"button\" aria-controls=\"elementor-tab-content-1161\" aria-expanded=\"false\">\n\t\t\t\t\t\t\t\t\t\t\t\t<span class=\"elementor-toggle-icon elementor-toggle-icon-right\" aria-hidden=\"true\">\n\t\t\t\t\t\t\t\t\t\t\t\t\t\t\t<span class=\"elementor-toggle-icon-closed\"><i class=\"fas fa-angle-down\"><\/i><\/span>\n\t\t\t\t\t\t\t\t<span class=\"elementor-toggle-icon-opened\"><i class=\"elementor-toggle-icon-opened fas fa-angle-up\"><\/i><\/span>\n\t\t\t\t\t\t\t\t\t\t\t\t\t<\/span>\n\t\t\t\t\t\t\t\t\t\t\t\t<a class=\"elementor-toggle-title\" tabindex=\"0\">VERGI\u0307 DANI\u015eMANLI\u011eI<\/a>\n\t\t\t\t\t<\/div>\n\n\t\t\t\t\t<div id=\"elementor-tab-content-1161\" class=\"elementor-tab-content elementor-clearfix\" data-tab=\"1\" role=\"region\" aria-labelledby=\"elementor-tab-title-1161\"><p>Vergi dan\u0131\u015fmanl\u0131\u011f\u0131, vergi hukuku alan\u0131nda 15 y\u0131l\u0131 a\u015fk\u0131n deneyime sahip uzman ekibimiz taraf\u0131ndan ger\u00e7ekle\u015ftirilen en g\u00fcvenli ve en se\u00e7kin vergi planlamas\u0131 ve uyumlulu\u011funu sa\u011flamak i\u00e7in her ad\u0131m\u0131nda ele alaca\u011f\u0131m\u0131z ve yard\u0131mc\u0131 olaca\u011f\u0131m\u0131z vergi i\u015fleri hakk\u0131nda tavsiyelerde bulunmakt\u0131r. Vergi dan\u0131\u015fmanl\u0131\u011f\u0131 veya vergi m\u00fc\u015favirli\u011finin temel unsuru, yat\u0131r\u0131mc\u0131lara ve kurulu\u015flara vergilerini en g\u00fcvenli \u015fekilde \u00f6demelerinde yard\u0131mc\u0131 olmakt\u0131r.<\/p>\n<\/div>\n\t\t\t\t<\/div>\n\t\t\t\t\t\t\t\t<\/div>\n\t\t\t\t\t\t<\/div>\n\t\t\t\t<\/div>\n\t\t\t\t\t<\/div>\n\t\t<\/div>\n\t\t\t\t<div class=\"elementor-column elementor-col-50 elementor-inner-column elementor-element elementor-element-e1ecd14\" data-id=\"e1ecd14\" data-element_type=\"column\">\n\t\t\t<div class=\"elementor-widget-wrap elementor-element-populated\">\n\t\t\t\t\t\t<div class=\"elementor-element elementor-element-ccdfd08 elementor-invisible elementor-widget elementor-widget-toggle\" data-id=\"ccdfd08\" data-element_type=\"widget\" data-settings=\"{&quot;_animation&quot;:&quot;fadeIn&quot;,&quot;_animation_delay&quot;:200}\" data-widget_type=\"toggle.default\">\n\t\t\t\t<div class=\"elementor-widget-container\">\n\t\t\t\t\t\t\t<div class=\"elementor-toggle\">\n\t\t\t\t\t\t\t<div class=\"elementor-toggle-item\">\n\t\t\t\t\t<div id=\"elementor-tab-title-2141\" class=\"elementor-tab-title\" data-tab=\"1\" role=\"button\" aria-controls=\"elementor-tab-content-2141\" aria-expanded=\"false\">\n\t\t\t\t\t\t\t\t\t\t\t\t<span class=\"elementor-toggle-icon elementor-toggle-icon-right\" aria-hidden=\"true\">\n\t\t\t\t\t\t\t\t\t\t\t\t\t\t\t<span class=\"elementor-toggle-icon-closed\"><i class=\"fas fa-angle-down\"><\/i><\/span>\n\t\t\t\t\t\t\t\t<span class=\"elementor-toggle-icon-opened\"><i class=\"elementor-toggle-icon-opened fas fa-angle-up\"><\/i><\/span>\n\t\t\t\t\t\t\t\t\t\t\t\t\t<\/span>\n\t\t\t\t\t\t\t\t\t\t\t\t<a class=\"elementor-toggle-title\" tabindex=\"0\">YASAL DANI\u015eMANLIK<\/a>\n\t\t\t\t\t<\/div>\n\n\t\t\t\t\t<div id=\"elementor-tab-content-2141\" class=\"elementor-tab-content elementor-clearfix\" data-tab=\"1\" role=\"region\" aria-labelledby=\"elementor-tab-title-2141\"><p>Hukuki dan\u0131\u015fmanl\u0131k, hukuki g\u00f6r\u00fc\u015f ve tavsiyelerde bulunma iznidir. Hukuki konularda iyi e\u011fitimli ve deneyimli olan ekibimiz, hukuk alan\u0131nda kusursuz uzmanl\u0131\u011fa sahip olup, SAMFA s\u00f6zle\u015fmeleri haz\u0131rlar, tescil eder, yat\u0131r\u0131mc\u0131lara hukuki rehberlik sa\u011flar, anla\u015fmazl\u0131klar\u0131 \u00e7\u00f6zer ve kanun ve y\u00f6netmeliklerle ilgili en \u00fcst d\u00fczeyde bilgi sa\u011flar. <br \/>adresinden talepte bulunan t\u00fcm yat\u0131r\u0131mc\u0131lara yard\u0131m sa\u011fl\u0131yor ve onlar\u0131n yasal kalkan\u0131 oluyoruz.<\/p>\n<\/div>\n\t\t\t\t<\/div>\n\t\t\t\t\t\t\t\t<\/div>\n\t\t\t\t\t\t<\/div>\n\t\t\t\t<\/div>\n\t\t\t\t\t<\/div>\n\t\t<\/div>\n\t\t\t\t\t<\/div>\n\t\t<\/section>\n\t\t\t\t\t<\/div>\n\t\t<\/div>\n\t\t\t\t\t<\/div>\n\t\t<\/section>\n\t\t\t\t<section class=\"elementor-section elementor-top-section elementor-element elementor-element-09351b2 elementor-section-boxed elementor-section-height-default elementor-section-height-default\" data-id=\"09351b2\" data-element_type=\"section\" data-settings=\"{&quot;background_background&quot;:&quot;classic&quot;}\">\n\t\t\t\t\t\t<div class=\"elementor-container elementor-column-gap-default\">\n\t\t\t\t\t<div class=\"elementor-column elementor-col-100 elementor-top-column elementor-element elementor-element-8e5cf28\" data-id=\"8e5cf28\" data-element_type=\"column\">\n\t\t\t<div class=\"elementor-widget-wrap elementor-element-populated\">\n\t\t\t\t\t\t<section class=\"elementor-section elementor-inner-section elementor-element elementor-element-3c1bfb7 elementor-section-boxed elementor-section-height-default elementor-section-height-default\" data-id=\"3c1bfb7\" data-element_type=\"section\">\n\t\t\t\t\t\t<div class=\"elementor-container elementor-column-gap-default\">\n\t\t\t\t\t<div class=\"elementor-column elementor-col-100 elementor-inner-column elementor-element elementor-element-1e26435\" data-id=\"1e26435\" data-element_type=\"column\">\n\t\t\t<div class=\"elementor-widget-wrap elementor-element-populated\">\n\t\t\t\t\t\t<div class=\"elementor-element elementor-element-a46a426 elementor-widget elementor-widget-heading\" data-id=\"a46a426\" data-element_type=\"widget\" data-widget_type=\"heading.default\">\n\t\t\t\t<div class=\"elementor-widget-container\">\n\t\t\t\t\t<h2 class=\"elementor-heading-title elementor-size-default\">Proje Geli\u015ftirme<\/h2>\t\t\t\t<\/div>\n\t\t\t\t<\/div>\n\t\t\t\t<div class=\"elementor-element elementor-element-6d2ab3a elementor-invisible elementor-widget elementor-widget-heading\" data-id=\"6d2ab3a\" data-element_type=\"widget\" data-settings=\"{&quot;_animation&quot;:&quot;fadeIn&quot;,&quot;_animation_delay&quot;:50}\" data-widget_type=\"heading.default\">\n\t\t\t\t<div class=\"elementor-widget-container\">\n\t\t\t\t\t<h2 class=\"elementor-heading-title elementor-size-default\">Yat\u0131r\u0131mc\u0131lar\u0131m\u0131z ve proje geli\u015ftiricileri aras\u0131nda 3. bir taraf olarak hareket ederek, yat\u0131r\u0131mc\u0131lar\u0131m\u0131z\u0131n projenin \u015fartlar\u0131nda ve i\u015fleyi\u015finde memnuniyetini ve projenin kazan\u00e7l\u0131 kazan\u00e7lar\u0131n\u0131 ihtiyatl\u0131 ve prod\u00fcktif bir \u015fekilde sa\u011flamaktay\u0131z. \u0130ki yol g\u00f6sterici ilke alt\u0131nda faaliyet g\u00f6steriyoruz: yat\u0131r\u0131mc\u0131lar\u0131m\u0131z\u0131n \u00e7\u0131karlar\u0131 ve gayrimenkul yetkinli\u011fimiz. Sonu\u00e7 olarak, kendimizi yat\u0131r\u0131mc\u0131lara s\u00fcrekli olarak \u00f6zel yat\u0131r\u0131m se\u00e7enekleri sunan g\u00fc\u00e7l\u00fc dan\u0131\u015fmanlar olarak g\u00f6r\u00fcyoruz. Her yat\u0131r\u0131m\u0131 t\u00fcm kalbimizle desteklemiyoruz. Bir projeyi yaln\u0131zca bir pazara, beklentilerine ve istikrar\u0131na g\u00fcvendi\u011fimizde hayata ge\u00e7iririz.<\/h2>\t\t\t\t<\/div>\n\t\t\t\t<\/div>\n\t\t\t\t\t<\/div>\n\t\t<\/div>\n\t\t\t\t\t<\/div>\n\t\t<\/section>\n\t\t\t\t<div class=\"elementor-element elementor-element-166135f elementor-widget elementor-widget-spacer\" data-id=\"166135f\" data-element_type=\"widget\" data-widget_type=\"spacer.default\">\n\t\t\t\t<div class=\"elementor-widget-container\">\n\t\t\t\t\t\t\t<div class=\"elementor-spacer\">\n\t\t\t<div class=\"elementor-spacer-inner\"><\/div>\n\t\t<\/div>\n\t\t\t\t\t\t<\/div>\n\t\t\t\t<\/div>\n\t\t\t\t<div class=\"elementor-element elementor-element-c019720 elementor-invisible elementor-widget elementor-widget-image\" data-id=\"c019720\" data-element_type=\"widget\" data-settings=\"{&quot;_animation&quot;:&quot;fadeIn&quot;}\" data-widget_type=\"image.default\">\n\t\t\t\t<div class=\"elementor-widget-container\">\n\t\t\t\t\t\t\t\t\t\t\t\t\t\t\t<img decoding=\"async\" src=\"https:\/\/samfagroup.com\/wp-content\/uploads\/2022\/12\/project-development.png\" title=\"project development\" alt=\"project development\" loading=\"lazy\" \/>\t\t\t\t\t\t\t\t\t\t\t\t\t\t\t<\/div>\n\t\t\t\t<\/div>\n\t\t\t\t\t<\/div>\n\t\t<\/div>\n\t\t\t\t\t<\/div>\n\t\t<\/section>\n\t\t\t\t<\/div>\n\t\t","protected":false},"excerpt":{"rendered":"<p>Dan\u0131\u015fmanl\u0131k ve Proje Geli\u015ftirme Dan\u0131\u015fmanl\u0131k VERGI\u0307 DANI\u015eMANLI\u011eI Vergi dan\u0131\u015fmanl\u0131\u011f\u0131, vergi hukuku alan\u0131nda 15 y\u0131l\u0131 a\u015fk\u0131n deneyime sahip uzman ekibimiz taraf\u0131ndan ger\u00e7ekle\u015ftirilen en g\u00fcvenli ve en se\u00e7kin vergi planlamas\u0131 ve uyumlulu\u011funu sa\u011flamak i\u00e7in her ad\u0131m\u0131nda ele alaca\u011f\u0131m\u0131z ve yard\u0131mc\u0131 olaca\u011f\u0131m\u0131z vergi i\u015fleri hakk\u0131nda tavsiyelerde bulunmakt\u0131r. Vergi dan\u0131\u015fmanl\u0131\u011f\u0131 veya vergi m\u00fc\u015favirli\u011finin temel unsuru, yat\u0131r\u0131mc\u0131lara ve kurulu\u015flara vergilerini en g\u00fcvenli \u015fekilde \u00f6demelerinde yard\u0131mc\u0131 olmakt\u0131r. YASAL DANI\u015eMANLIK Hukuki &#8230;<\/p>\n","protected":false},"author":1,"featured_media":0,"parent":0,"menu_order":0,"comment_status":"closed","ping_status":"closed","template":"elementor_header_footer","meta":{"footnotes":""},"class_list":["post-23148","page","type-page","status-publish","hentry"],"aioseo_notices":[],"_links":{"self":[{"href":"https:\/\/samfagroup.com\/tr\/index.php\/wp-json\/wp\/v2\/pages\/23148","targetHints":{"allow":["GET"]}}],"collection":[{"href":"https:\/\/samfagroup.com\/tr\/index.php\/wp-json\/wp\/v2\/pages"}],"about":[{"href":"https:\/\/samfagroup.com\/tr\/index.php\/wp-json\/wp\/v2\/types\/page"}],"author":[{"embeddable":true,"href":"https:\/\/samfagroup.com\/tr\/index.php\/wp-json\/wp\/v2\/users\/1"}],"replies":[{"embeddable":true,"href":"https:\/\/samfagroup.com\/tr\/index.php\/wp-json\/wp\/v2\/comments?post=23148"}],"version-history":[{"count":3,"href":"https:\/\/samfagroup.com\/tr\/index.php\/wp-json\/wp\/v2\/pages\/23148\/revisions"}],"predecessor-version":[{"id":23180,"href":"https:\/\/samfagroup.com\/tr\/index.php\/wp-json\/wp\/v2\/pages\/23148\/revisions\/23180"}],"wp:attachment":[{"href":"https:\/\/samfagroup.com\/tr\/index.php\/wp-json\/wp\/v2\/media?parent=23148"}],"curies":[{"name":"wp","href":"https:\/\/api.w.org\/{rel}","templated":true}]}}