{"id":23176,"date":"2016-02-29T14:38:56","date_gmt":"2016-02-29T14:38:56","guid":{"rendered":"https:\/\/samfagroup.com\/index.php\/harita-gorunumu\/"},"modified":"2016-02-29T14:38:56","modified_gmt":"2016-02-29T14:38:56","slug":"harita-gorunumu","status":"publish","type":"page","link":"https:\/\/samfagroup.com\/tr\/index.php\/harita-gorunumu\/","title":{"rendered":"Harita G\u00f6r\u00fcn\u00fcm\u00fc"},"content":{"rendered":"","protected":false},"excerpt":{"rendered":"","protected":false},"author":1,"featured_media":0,"parent":0,"menu_order":0,"comment_status":"closed","ping_status":"closed","template":"property_list_half.php","meta":{"footnotes":""},"class_list":["post-23176","page","type-page","status-publish","hentry"],"aioseo_notices":[],"_links":{"self":[{"href":"https:\/\/samfagroup.com\/tr\/index.php\/wp-json\/wp\/v2\/pages\/23176","targetHints":{"allow":["GET"]}}],"collection":[{"href":"https:\/\/samfagroup.com\/tr\/index.php\/wp-json\/wp\/v2\/pages"}],"about":[{"href":"https:\/\/samfagroup.com\/tr\/index.php\/wp-json\/wp\/v2\/types\/page"}],"author":[{"embeddable":true,"href":"https:\/\/samfagroup.com\/tr\/index.php\/wp-json\/wp\/v2\/users\/1"}],"replies":[{"embeddable":true,"href":"https:\/\/samfagroup.com\/tr\/index.php\/wp-json\/wp\/v2\/comments?post=23176"}],"version-history":[{"count":0,"href":"https:\/\/samfagroup.com\/tr\/index.php\/wp-json\/wp\/v2\/pages\/23176\/revisions"}],"wp:attachment":[{"href":"https:\/\/samfagroup.com\/tr\/index.php\/wp-json\/wp\/v2\/media?parent=23176"}],"curies":[{"name":"wp","href":"https:\/\/api.w.org\/{rel}","templated":true}]}}